{"id":24045,"date":"2020-08-27T08:23:10","date_gmt":"2020-08-27T08:23:10","guid":{"rendered":"http:\/\/robotehnika.si\/datenschutzrichtlinie\/"},"modified":"2024-07-14T22:28:34","modified_gmt":"2024-07-14T22:28:34","slug":"datenschutzrichtlinie","status":"publish","type":"page","link":"https:\/\/robotehnika.si\/de\/datenschutzrichtlinie\/","title":{"rendered":"DATENSCHUTZRICHTLINIE"},"content":{"rendered":"\t\t<div data-elementor-type=\"wp-page\" data-elementor-id=\"24045\" class=\"elementor elementor-24045 elementor-12954\">\n\t\t\t\t\t\t<section class=\"elementor-section elementor-top-section elementor-element elementor-element-5af79fad elementor-section-boxed elementor-section-height-default elementor-section-height-default sc_fly_static\" data-id=\"5af79fad\" data-element_type=\"section\" data-settings=\"{&quot;background_background&quot;:&quot;classic&quot;}\">\n\t\t\t\t\t\t<div class=\"elementor-container elementor-column-gap-extended\">\n\t\t\t\t\t<div class=\"elementor-column elementor-col-100 elementor-top-column elementor-element elementor-element-329c8c58 sc_inner_width_none sc_content_align_inherit sc_layouts_column_icons_position_left sc_fly_static\" data-id=\"329c8c58\" data-element_type=\"column\">\n\t\t\t<div class=\"elementor-widget-wrap elementor-element-populated\">\n\t\t\t\t\t\t<div class=\"elementor-element elementor-element-530b4282 sc_fly_static elementor-widget elementor-widget-text-editor\" data-id=\"530b4282\" data-element_type=\"widget\" data-widget_type=\"text-editor.default\">\n\t\t\t\t<div class=\"elementor-widget-container\">\n\t\t\t\t\t\t\t\t\t<h5>1. Einf\u00fchrung<\/h5>\n<p>Robotehnika als Verantwortlicher f\u00fcr personenbezogene Daten respektiert Ihr Recht auf Privatsph\u00e4re und strebt den h\u00f6chsten Schutz Ihrer personenbezogenen Daten an. Daher sind wir bei der Erbringung unserer Dienstleistungen \u00fcber diese Website verpflichtet, in \u00dcbereinstimmung mit den Gesetzen und Vorschriften zum Schutz personenbezogener Daten zu handeln, insbesondere gem\u00e4\u00df dem jeweils geltenden Datenschutzgesetz, dem Telekommunikationsgesetz und der Datenschutz-Grundverordnung (EU) 2016\/679 des Europ\u00e4ischen Parlaments und des Rates vom 27. April 2016 zum Schutz nat\u00fcrlicher Personen bei der Verarbeitung personenbezogener Daten und zum freien Datenverkehr sowie zur Aufhebung der Richtlinie 95\/46\/EG (im Folgenden \u201eDatenschutz-Grundverordnung\u201c). Wir m\u00f6chten Sie dar\u00fcber informieren, zu welchen Zwecken Ihre personenbezogenen Daten erhoben und wie sie verwendet werden sowie welche Rechte Sie in Bezug auf die Daten haben, die wir \u00fcber Sie speichern, und wie Sie diese aus\u00fcben k\u00f6nnen.<\/p>\n\t\t\t\t\t\t\t\t<\/div>\n\t\t\t\t<\/div>\n\t\t\t\t\t<\/div>\n\t\t<\/div>\n\t\t\t\t\t<\/div>\n\t\t<\/section>\n\t\t\t\t<section class=\"elementor-section elementor-top-section elementor-element elementor-element-5923a86a elementor-section-boxed elementor-section-height-default elementor-section-height-default sc_fly_static\" data-id=\"5923a86a\" data-element_type=\"section\">\n\t\t\t\t\t\t<div class=\"elementor-container elementor-column-gap-extended\">\n\t\t\t\t\t<div class=\"elementor-column elementor-col-100 elementor-top-column elementor-element elementor-element-247a0125 sc_inner_width_none sc_content_align_inherit sc_layouts_column_icons_position_left sc_fly_static\" data-id=\"247a0125\" data-element_type=\"column\">\n\t\t\t<div class=\"elementor-widget-wrap elementor-element-populated\">\n\t\t\t\t\t\t<div class=\"elementor-element elementor-element-50222c5a sc_fly_static elementor-widget elementor-widget-spacer\" data-id=\"50222c5a\" data-element_type=\"widget\" data-widget_type=\"spacer.default\">\n\t\t\t\t<div class=\"elementor-widget-container\">\n\t\t\t\t\t\t\t<div class=\"elementor-spacer\">\n\t\t\t<div class=\"elementor-spacer-inner\"><\/div>\n\t\t<\/div>\n\t\t\t\t\t\t<\/div>\n\t\t\t\t<\/div>\n\t\t\t\t\t<\/div>\n\t\t<\/div>\n\t\t\t\t\t<\/div>\n\t\t<\/section>\n\t\t\t\t<section class=\"elementor-section elementor-top-section elementor-element elementor-element-1271115c elementor-section-boxed elementor-section-height-default elementor-section-height-default sc_fly_static\" data-id=\"1271115c\" data-element_type=\"section\" data-settings=\"{&quot;background_background&quot;:&quot;classic&quot;}\">\n\t\t\t\t\t\t<div class=\"elementor-container elementor-column-gap-extended\">\n\t\t\t\t\t<div class=\"elementor-column elementor-col-100 elementor-top-column elementor-element elementor-element-33ef6fcb sc_inner_width_none sc_content_align_inherit sc_layouts_column_icons_position_left sc_fly_static\" data-id=\"33ef6fcb\" data-element_type=\"column\">\n\t\t\t<div class=\"elementor-widget-wrap elementor-element-populated\">\n\t\t\t\t\t\t<div class=\"elementor-element elementor-element-7cd0b952 sc_fly_static elementor-widget elementor-widget-text-editor\" data-id=\"7cd0b952\" data-element_type=\"widget\" data-widget_type=\"text-editor.default\">\n\t\t\t\t<div class=\"elementor-widget-container\">\n\t\t\t\t\t\t\t\t\t<h5>2. Sicherheit personenbezogener Daten<\/h5>\n<p>Die Sicherheit personenbezogener Daten ist f\u00fcr den Verantwortlichen ein \u00e4u\u00dferst wichtiges Thema. Die Nutzung der Website ist ohne die Verwendung personenbezogener Daten m\u00f6glich, aber wenn eine Person, auf die sich die personenbezogenen Daten beziehen, Dienste auf der Website nutzen m\u00f6chte, bei denen die Verwendung personenbezogener Daten erforderlich ist, kann es zur Verarbeitung personenbezogener Daten kommen, um den reibungslosen Betrieb der Website zu gew\u00e4hrleisten. Ist die Verarbeitung personenbezogener Daten notwendig und gibt es keine gesetzliche Grundlage f\u00fcr eine solche Verarbeitung, wird die Zustimmung der betroffenen Person zur Verarbeitung personenbezogener Daten eingeholt.<\/p>\n\t\t\t\t\t\t\t\t<\/div>\n\t\t\t\t<\/div>\n\t\t\t\t\t<\/div>\n\t\t<\/div>\n\t\t\t\t\t<\/div>\n\t\t<\/section>\n\t\t\t\t<section class=\"elementor-section elementor-top-section elementor-element elementor-element-24ff59ff elementor-section-boxed elementor-section-height-default elementor-section-height-default sc_fly_static\" data-id=\"24ff59ff\" data-element_type=\"section\">\n\t\t\t\t\t\t<div class=\"elementor-container elementor-column-gap-extended\">\n\t\t\t\t\t<div class=\"elementor-column elementor-col-100 elementor-top-column elementor-element elementor-element-222580c4 sc_inner_width_none sc_content_align_inherit sc_layouts_column_icons_position_left sc_fly_static\" data-id=\"222580c4\" data-element_type=\"column\">\n\t\t\t<div class=\"elementor-widget-wrap elementor-element-populated\">\n\t\t\t\t\t\t<div class=\"elementor-element elementor-element-2dcc996c sc_fly_static elementor-widget elementor-widget-spacer\" data-id=\"2dcc996c\" data-element_type=\"widget\" data-widget_type=\"spacer.default\">\n\t\t\t\t<div class=\"elementor-widget-container\">\n\t\t\t\t\t\t\t<div class=\"elementor-spacer\">\n\t\t\t<div class=\"elementor-spacer-inner\"><\/div>\n\t\t<\/div>\n\t\t\t\t\t\t<\/div>\n\t\t\t\t<\/div>\n\t\t\t\t\t<\/div>\n\t\t<\/div>\n\t\t\t\t\t<\/div>\n\t\t<\/section>\n\t\t\t\t<section class=\"elementor-section elementor-top-section elementor-element elementor-element-39b72bc0 elementor-section-boxed elementor-section-height-default elementor-section-height-default sc_fly_static\" data-id=\"39b72bc0\" data-element_type=\"section\" data-settings=\"{&quot;background_background&quot;:&quot;classic&quot;}\">\n\t\t\t\t\t\t<div class=\"elementor-container elementor-column-gap-extended\">\n\t\t\t\t\t<div class=\"elementor-column elementor-col-100 elementor-top-column elementor-element elementor-element-5a5f4509 sc_inner_width_none sc_content_align_inherit sc_layouts_column_icons_position_left sc_fly_static\" data-id=\"5a5f4509\" data-element_type=\"column\">\n\t\t\t<div class=\"elementor-widget-wrap elementor-element-populated\">\n\t\t\t\t\t\t<div class=\"elementor-element elementor-element-58e9a10 sc_fly_static elementor-widget elementor-widget-text-editor\" data-id=\"58e9a10\" data-element_type=\"widget\" data-widget_type=\"text-editor.default\">\n\t\t\t\t<div class=\"elementor-widget-container\">\n\t\t\t\t\t\t\t\t\t<h5>3. Cookies<\/h5>\n<p>Diese Website verwendet verschiedene Arten von Cookies. Die Website platziert ein sogenanntes \u201eCookie\u201c im Browser des Ger\u00e4ts des Besuchers bzw. Benutzers. Cookies sind Textdateien, die auf dem Ger\u00e4t des Benutzers gespeichert werden und Analysen \u00fcber den Besuch des Benutzers, die Anzahl der Besuche und das Interesse an diesen Besuchen erm\u00f6glichen. Ein Cookie enth\u00e4lt grundlegende Informationen \u00fcber den Besuch des Benutzers auf einer bestimmten Website, wie z.B. den Namen der besuchten Website. Der Inhalt des Cookies wird im Ger\u00e4t des Benutzers in einem bestimmten Verzeichnis gespeichert. Durch Doppelklicken auf die Datei erhalten wir detailliertere Informationen \u00fcber die besuchte Website, das Datum und die Uhrzeit des Besuchs. All diese Daten werden auch vom Betreiber der besuchten Website gespeichert.<\/p>\n<p>Nach dem Telekommunikationsgesetz d\u00fcrfen wir Cookies auf Ihrem Ger\u00e4t speichern, wenn diese f\u00fcr den Betrieb der Website unbedingt erforderlich sind. F\u00fcr alle anderen Arten von Cookies ben\u00f6tigen wir Ihre Erlaubnis. Der Betreiber der Website ist verpflichtet, die Benutzer beim ersten Besuch der Website \u00fcber die Verwendung von Cookies zu informieren, ihre Zustimmung zur Installation einzuholen und dem Benutzer die M\u00f6glichkeit zu geben, die Cookie-Einstellungen jederzeit anzupassen.<\/p>\n<p>Uporabnik lahko pi\u0161kotke z dolo\u010denimi nastavitvami bri\u0161e, izklju\u010duje oziroma jih pogDer Benutzer kann Cookies durch bestimmte Einstellungen l\u00f6schen, deaktivieren oder bedingt verwenden, aber infolgedessen kann der Benutzer m\u00f6glicherweise nicht alle Funktionen der Website in vollem Umfang nutzen. ojno uporablja, a posledi\u010dno uporabnik ne bo mogel uporabljati vseh funkcij spleti\u0161\u010da v polni meri. Browser sind grunds\u00e4tzlich so eingestellt, dass sie Cookies akzeptieren, aber das Setzen von Cookies ablehnen, die nicht aus dem im Adressfeld angegebenen Bereich stammen.<\/p>\n<p>Eine betroffene Person kann das Setzen von Cookies \u00fcber die Website jederzeit durch eine entsprechende Einstellung des verwendeten Internetbrowsers verhindern und so das Setzen von Cookies dauerhaft verweigern. Bereits gesetzte Cookies k\u00f6nnen zudem jederzeit in den Einstellungen des Internetbrowsers gel\u00f6scht werden. Dies ist in allen g\u00e4ngigen Internetbrowsern m\u00f6glich. Deaktiviert die betroffene Person die Speicherung von Cookies im verwendeten Internetbrowser, kann dies zu einer eingeschr\u00e4nkten oder unvollst\u00e4ndigen Funktionalit\u00e4t der Website f\u00fchren.<\/p>\n\t\t\t\t\t\t\t\t<\/div>\n\t\t\t\t<\/div>\n\t\t\t\t\t<\/div>\n\t\t<\/div>\n\t\t\t\t\t<\/div>\n\t\t<\/section>\n\t\t\t\t<section class=\"elementor-section elementor-top-section elementor-element elementor-element-4b93d8d5 elementor-section-boxed elementor-section-height-default elementor-section-height-default sc_fly_static\" data-id=\"4b93d8d5\" data-element_type=\"section\">\n\t\t\t\t\t\t<div class=\"elementor-container elementor-column-gap-extended\">\n\t\t\t\t\t<div class=\"elementor-column elementor-col-100 elementor-top-column elementor-element elementor-element-484192b9 sc_inner_width_none sc_content_align_inherit sc_layouts_column_icons_position_left sc_fly_static\" data-id=\"484192b9\" data-element_type=\"column\">\n\t\t\t<div class=\"elementor-widget-wrap elementor-element-populated\">\n\t\t\t\t\t\t<div class=\"elementor-element elementor-element-4564182e sc_fly_static elementor-widget elementor-widget-spacer\" data-id=\"4564182e\" data-element_type=\"widget\" data-widget_type=\"spacer.default\">\n\t\t\t\t<div class=\"elementor-widget-container\">\n\t\t\t\t\t\t\t<div class=\"elementor-spacer\">\n\t\t\t<div class=\"elementor-spacer-inner\"><\/div>\n\t\t<\/div>\n\t\t\t\t\t\t<\/div>\n\t\t\t\t<\/div>\n\t\t\t\t\t<\/div>\n\t\t<\/div>\n\t\t\t\t\t<\/div>\n\t\t<\/section>\n\t\t\t\t<section class=\"elementor-section elementor-top-section elementor-element elementor-element-689e1c8e elementor-section-boxed elementor-section-height-default elementor-section-height-default sc_fly_static\" data-id=\"689e1c8e\" data-element_type=\"section\" data-settings=\"{&quot;background_background&quot;:&quot;classic&quot;}\">\n\t\t\t\t\t\t<div class=\"elementor-container elementor-column-gap-extended\">\n\t\t\t\t\t<div class=\"elementor-column elementor-col-100 elementor-top-column elementor-element elementor-element-798a6f7b sc_inner_width_none sc_content_align_inherit sc_layouts_column_icons_position_left sc_fly_static\" data-id=\"798a6f7b\" data-element_type=\"column\">\n\t\t\t<div class=\"elementor-widget-wrap elementor-element-populated\">\n\t\t\t\t\t\t<div class=\"elementor-element elementor-element-28247633 sc_fly_static elementor-widget elementor-widget-text-editor\" data-id=\"28247633\" data-element_type=\"widget\" data-widget_type=\"text-editor.default\">\n\t\t\t\t<div class=\"elementor-widget-container\">\n\t\t\t\t\t\t\t\t\t<h5>4.Sammlung allgemeiner Daten und Informationen<\/h5>\n<p>Die Website sammelt verschiedene allgemeine Daten und Informationen, wenn eine Person oder ein automatisiertes System die Website besucht. Diese allgemeinen Daten und Informationen werden in Server-Logdateien\/Datenbanken gespeichert. <\/p>\n<p>Die gesammelten Daten k\u00f6nnen umfassen: <\/p>\n<p>(1) die verwendeten Browsertypen und -versionen,<\/p>\n<p>(2) das Betriebssystem des zugreifenden Systems,<\/p>\n<p>(3) die Website, von der aus das zugreifende System auf unsere Website gelangt (sogenannte Referrer),<\/p>\n<p>(4) Unter-Websites und verschachtelte Webseiten,<\/p>\n<p>(5) Datum und Uhrzeit des Zugriffs auf die Website,<\/p>\n<p>(6) eine Internet-Protokoll-Adresse (IP-Adresse),<\/p>\n<p>(7) den Internetdienstanbieter des zugreifenden Systems und<\/p>\n<p>(8) alle anderen \u00e4hnlichen Daten und Informationen, die im Falle von Angriffen auf unsere IT-Systeme, auf denen die Website gehostet wird, verwendet werden k\u00f6nnen.<\/p>\n<p>Bei der Verwendung dieser allgemeinen Daten und Informationen werden keine Daten verarbeitet, um die betroffene Person zu identifizieren. Die Informationen sind notwendig, um:<\/p>\n<p>(1) den Inhalt der Website korrekt zu liefern,<\/p>\n<p>(2) den Inhalt der Website zu optimieren,<\/p>\n<p>(3) die langfristige Funktionsf\u00e4higkeit unserer IT-Systeme sicherzustellen und<\/p>\n<p>(4) die notwendigen Informationen f\u00fcr Strafverfolgungsbeh\u00f6rden im Falle von Cyber-Bedrohungen (Angriffen auf die Website) bereitzustellen.<\/p>\n<p>Die Daten und Informationen werden statistisch verarbeitet, um den Datenschutz und die Datensicherheit zu erh\u00f6hen und ein optimales Schutzniveau f\u00fcr die von uns verarbeiteten personenbezogenen Daten zu gew\u00e4hrleisten.<\/p>\n\t\t\t\t\t\t\t\t<\/div>\n\t\t\t\t<\/div>\n\t\t\t\t\t<\/div>\n\t\t<\/div>\n\t\t\t\t\t<\/div>\n\t\t<\/section>\n\t\t\t\t<section class=\"elementor-section elementor-top-section elementor-element elementor-element-7bf9206b elementor-section-boxed elementor-section-height-default elementor-section-height-default sc_fly_static\" data-id=\"7bf9206b\" data-element_type=\"section\">\n\t\t\t\t\t\t<div class=\"elementor-container elementor-column-gap-extended\">\n\t\t\t\t\t<div class=\"elementor-column elementor-col-100 elementor-top-column elementor-element elementor-element-175a7528 sc_inner_width_none sc_content_align_inherit sc_layouts_column_icons_position_left sc_fly_static\" data-id=\"175a7528\" data-element_type=\"column\">\n\t\t\t<div class=\"elementor-widget-wrap elementor-element-populated\">\n\t\t\t\t\t\t<div class=\"elementor-element elementor-element-26d43343 sc_fly_static elementor-widget elementor-widget-spacer\" data-id=\"26d43343\" data-element_type=\"widget\" data-widget_type=\"spacer.default\">\n\t\t\t\t<div class=\"elementor-widget-container\">\n\t\t\t\t\t\t\t<div class=\"elementor-spacer\">\n\t\t\t<div class=\"elementor-spacer-inner\"><\/div>\n\t\t<\/div>\n\t\t\t\t\t\t<\/div>\n\t\t\t\t<\/div>\n\t\t\t\t\t<\/div>\n\t\t<\/div>\n\t\t\t\t\t<\/div>\n\t\t<\/section>\n\t\t\t\t<\/div>\n\t\t","protected":false},"excerpt":{"rendered":"<p>1. Einf\u00fchrung Robotehnika als Verantwortlicher f\u00fcr personenbezogene Daten respektiert Ihr Recht auf Privatsph\u00e4re und strebt den h\u00f6chsten Schutz Ihrer personenbezogenen Daten an. Daher sind wir bei der Erbringung unserer Dienstleistungen&hellip;<\/p>\n","protected":false},"author":6,"featured_media":0,"parent":0,"menu_order":0,"comment_status":"closed","ping_status":"closed","template":"","meta":{"iawp_total_views":8,"footnotes":""},"class_list":["post-24045","page","type-page","status-publish","hentry"],"rttpg_featured_image_url":null,"rttpg_author":{"display_name":"Jernej Orovi\u010d","author_link":"https:\/\/robotehnika.si\/de\/author\/jernej\/"},"rttpg_comment":0,"rttpg_category":" <a href=\"https:\/\/robotehnika.si\/de\/?taxonomy=translation_priority&#038;term=optional-de\" rel=\"tag\">Optional<\/a>","rttpg_excerpt":"1. Einf\u00fchrung Robotehnika als Verantwortlicher f\u00fcr personenbezogene Daten respektiert Ihr Recht auf Privatsph\u00e4re und strebt den h\u00f6chsten Schutz Ihrer personenbezogenen Daten an. Daher sind wir bei der Erbringung unserer Dienstleistungen&hellip;","_links":{"self":[{"href":"https:\/\/robotehnika.si\/de\/wp-json\/wp\/v2\/pages\/24045","targetHints":{"allow":["GET"]}}],"collection":[{"href":"https:\/\/robotehnika.si\/de\/wp-json\/wp\/v2\/pages"}],"about":[{"href":"https:\/\/robotehnika.si\/de\/wp-json\/wp\/v2\/types\/page"}],"author":[{"embeddable":true,"href":"https:\/\/robotehnika.si\/de\/wp-json\/wp\/v2\/users\/6"}],"replies":[{"embeddable":true,"href":"https:\/\/robotehnika.si\/de\/wp-json\/wp\/v2\/comments?post=24045"}],"version-history":[{"count":1,"href":"https:\/\/robotehnika.si\/de\/wp-json\/wp\/v2\/pages\/24045\/revisions"}],"predecessor-version":[{"id":24046,"href":"https:\/\/robotehnika.si\/de\/wp-json\/wp\/v2\/pages\/24045\/revisions\/24046"}],"wp:attachment":[{"href":"https:\/\/robotehnika.si\/de\/wp-json\/wp\/v2\/media?parent=24045"}],"curies":[{"name":"wp","href":"https:\/\/api.w.org\/{rel}","templated":true}]}}