{"id":24007,"date":"2024-02-19T16:56:00","date_gmt":"2024-02-19T16:56:00","guid":{"rendered":"http:\/\/robotehnika.si\/automatisierung\/"},"modified":"2025-03-31T11:23:45","modified_gmt":"2025-03-31T11:23:45","slug":"automatisierung","status":"publish","type":"page","link":"https:\/\/robotehnika.si\/de\/automatisierung\/","title":{"rendered":"AUTOMATISIERUNG"},"content":{"rendered":"\n\t\t\t<!-- START AVTOMATIZACIJA REVOLUTION SLIDER 6.6.20 --><p class=\"rs-p-wp-fix\"><\/p>\n\t\t\t<rs-module-wrap id=\"rev_slider_27_1_wrapper\" data-source=\"gallery\" style=\"visibility:hidden;background:transparent;padding:0;margin:0px auto;margin-top:0;margin-bottom:0;\">\n\t\t\t\t<rs-module id=\"rev_slider_27_1\" style=\"\" data-version=\"6.6.20\">\n\t\t\t\t\t<rs-slides style=\"overflow: hidden; position: absolute;\">\n\t\t\t\t\t\t<rs-slide style=\"position: absolute;\" data-key=\"rs-71\" data-title=\"Slide\" data-anim=\"ms:1000ms;\" data-in=\"o:0;\" data-out=\"a:false;\">\n\t\t\t\t\t\t\t<img fetchpriority=\"high\" decoding=\"async\" src=\"\/\/robotehnika.si\/wp-content\/plugins\/revslider\/public\/assets\/assets\/dummy.png\" alt=\"\" title=\"HALA-8_Dark.png\" width=\"2318\" height=\"732\" class=\"rev-slidebg tp-rs-img rs-lazyload\" data-lazyload=\"\/\/robotehnika.si\/wp-content\/uploads\/revslider\/slider-3\/HALA-8_Dark.png\" data-bg=\"r:repeat;\" data-parallax=\"off\" data-no-retina>\n<!--\t\t\t\t\t\t--><rs-zone id=\"rrzm_71\" class=\"rev_row_zone_middle\" style=\"z-index: 6;\"><!--\n\n\t\t\t\t\t\t\t\t--><rs-row\n\t\t\t\t\t\t\t\t\tid=\"slider-27-slide-71-layer-3\" \n\t\t\t\t\t\t\t\t\tdata-type=\"row\"\n\t\t\t\t\t\t\t\t\tdata-xy=\"xo:50px;yo:50px;\"\n\t\t\t\t\t\t\t\t\tdata-cbreak=\"nobreak\"\n\t\t\t\t\t\t\t\t\tdata-basealign=\"slide\"\n\t\t\t\t\t\t\t\t\tdata-wrpcls=\"slider-row-wrap\"\n\t\t\t\t\t\t\t\t\tdata-rsp_bd=\"off\"\n\t\t\t\t\t\t\t\t\tdata-margin=\"l:75,75,30,20;\"\n\t\t\t\t\t\t\t\t\tdata-frame_0=\"o:1;\"\n\t\t\t\t\t\t\t\t\tdata-frame_999=\"o:0;st:w;sR:8700;sA:9000;\"\n\t\t\t\t\t\t\t\t\tstyle=\"z-index:6;\"\n\t\t\t\t\t\t\t\t><!--\n\t\t\t\t\t\t\t\t\t--><rs-column\n\t\t\t\t\t\t\t\t\t\tid=\"slider-27-slide-71-layer-5\" \n\t\t\t\t\t\t\t\t\t\tdata-type=\"column\"\n\t\t\t\t\t\t\t\t\t\tdata-xy=\"xo:50px;yo:50px;\"\n\t\t\t\t\t\t\t\t\t\tdata-text=\"l:30,25,25,25;\"\n\t\t\t\t\t\t\t\t\t\tdata-rsp_bd=\"off\"\n\t\t\t\t\t\t\t\t\t\tdata-column=\"w:100%;\"\n\t\t\t\t\t\t\t\t\t\tdata-frame_0=\"o:1;\"\n\t\t\t\t\t\t\t\t\t\tdata-frame_999=\"o:0;st:w;sR:8700;sA:9000;\"\n\t\t\t\t\t\t\t\t\t\tstyle=\"z-index:6;width:100%;\"\n\t\t\t\t\t\t\t\t\t><!--\n\t\t\t\t\t\t\t\t\t\t--><rs-layer\n\t\t\t\t\t\t\t\t\t\t\tid=\"slider-27-slide-71-layer-6\" \n\t\t\t\t\t\t\t\t\t\t\tdata-type=\"shape\"\n\t\t\t\t\t\t\t\t\t\t\tdata-rsp_ch=\"on\"\n\t\t\t\t\t\t\t\t\t\t\tdata-xy=\"xo:50px,26px,19px,11px;yo:160px,85px,64px,39px;\"\n\t\t\t\t\t\t\t\t\t\t\tdata-pos=\"r\"\n\t\t\t\t\t\t\t\t\t\t\tdata-text=\"w:normal;s:20,10,7,4;c:both;l:0,13,9,6;\"\n\t\t\t\t\t\t\t\t\t\t\tdata-flcr=\"c:both;\"\n\t\t\t\t\t\t\t\t\t\t\tdata-dim=\"w:100%;h:18px,20px,16px,0px;\"\n\t\t\t\t\t\t\t\t\t\t\tdata-frame_999=\"o:0;st:w;sR:8700;\"\n\t\t\t\t\t\t\t\t\t\t\tstyle=\"z-index:10;\"\n\t\t\t\t\t\t\t\t\t\t> \n\t\t\t\t\t\t\t\t\t\t<\/rs-layer><!--\n\n\t\t\t\t\t\t\t\t\t\t--><rs-layer\n\t\t\t\t\t\t\t\t\t\t\tid=\"slider-27-slide-71-layer-10\" \n\t\t\t\t\t\t\t\t\t\t\tclass=\"sldr-title\"\n\t\t\t\t\t\t\t\t\t\t\tdata-type=\"text\"\n\t\t\t\t\t\t\t\t\t\t\tdata-color=\"#f9f9f9\"\n\t\t\t\t\t\t\t\t\t\t\tdata-xy=\"xo:0,35px,35px,35px;yo:0,281px,281px,281px;\"\n\t\t\t\t\t\t\t\t\t\t\tdata-pos=\"r\"\n\t\t\t\t\t\t\t\t\t\t\tdata-text=\"w:normal;s:70,54,40,18;l:96,56,44,28;ls:-4px,-2px,-1px,0px;fw:700;\"\n\t\t\t\t\t\t\t\t\t\t\tdata-rsp_o=\"off\"\n\t\t\t\t\t\t\t\t\t\t\tdata-rsp_bd=\"off\"\n\t\t\t\t\t\t\t\t\t\t\tdata-disp=\"inline-block\"\n\t\t\t\t\t\t\t\t\t\t\tdata-frame_0=\"x:40px,40px,40px,20px;\"\n\t\t\t\t\t\t\t\t\t\t\tdata-frame_1=\"st:1010;sp:1000;sR:1010;\"\n\t\t\t\t\t\t\t\t\t\t\tdata-frame_999=\"o:0;st:w;sR:6990;\"\n\t\t\t\t\t\t\t\t\t\t\tstyle=\"z-index:9;font-family:'Barlow';display:inline-block;\"\n\t\t\t\t\t\t\t\t\t\t>AUTOMATISIERUNG \n\t\t\t\t\t\t\t\t\t\t<\/rs-layer><!--\n\n\t\t\t\t\t\t\t\t\t\t--><rs-layer\n\t\t\t\t\t\t\t\t\t\t\tid=\"slider-27-slide-71-layer-8\" \n\t\t\t\t\t\t\t\t\t\t\tdata-type=\"shape\"\n\t\t\t\t\t\t\t\t\t\t\tdata-rsp_ch=\"on\"\n\t\t\t\t\t\t\t\t\t\t\tdata-xy=\"xo:50px,26px,19px,11px;yo:160px,85px,64px,39px;\"\n\t\t\t\t\t\t\t\t\t\t\tdata-pos=\"r\"\n\t\t\t\t\t\t\t\t\t\t\tdata-text=\"w:normal;s:20,10,7,4;c:both;l:0,13,9,6;\"\n\t\t\t\t\t\t\t\t\t\t\tdata-flcr=\"c:both;\"\n\t\t\t\t\t\t\t\t\t\t\tdata-dim=\"w:100%;h:24px,18px,20px,16px;\"\n\t\t\t\t\t\t\t\t\t\t\tdata-wrpcls=\"sldr-hide\"\n\t\t\t\t\t\t\t\t\t\t\tdata-frame_999=\"o:0;st:w;sR:8700;\"\n\t\t\t\t\t\t\t\t\t\t\tstyle=\"z-index:8;\"\n\t\t\t\t\t\t\t\t\t\t> \n\t\t\t\t\t\t\t\t\t\t<\/rs-layer><!--\n\n\t\t\t\t\t\t\t\t\t\t--><rs-layer\n\t\t\t\t\t\t\t\t\t\t\tid=\"slider-27-slide-71-layer-13\" \n\t\t\t\t\t\t\t\t\t\t\tdata-type=\"shape\"\n\t\t\t\t\t\t\t\t\t\t\tdata-rsp_ch=\"on\"\n\t\t\t\t\t\t\t\t\t\t\tdata-xy=\"xo:50px,26px,19px,11px;yo:160px,85px,64px,39px;\"\n\t\t\t\t\t\t\t\t\t\t\tdata-pos=\"r\"\n\t\t\t\t\t\t\t\t\t\t\tdata-text=\"w:normal;s:20,10,7,4;c:both;l:0,13,9,6;\"\n\t\t\t\t\t\t\t\t\t\t\tdata-flcr=\"c:both;\"\n\t\t\t\t\t\t\t\t\t\t\tdata-dim=\"w:100%;h:34px,24px,20px,16px;\"\n\t\t\t\t\t\t\t\t\t\t\tdata-frame_999=\"o:0;st:w;sR:8700;\"\n\t\t\t\t\t\t\t\t\t\t\tstyle=\"z-index:7;\"\n\t\t\t\t\t\t\t\t\t\t> \n\t\t\t\t\t\t\t\t\t\t<\/rs-layer><!--\n\n\t\t\t\t\t\t\t\t\t\t--><a\n\t\t\t\t\t\t\t\t\t\t\tid=\"slider-27-slide-71-layer-4\" \n\t\t\t\t\t\t\t\t\t\t\tclass=\"rs-layer rev-btn\"\n\t\t\t\t\t\t\t\t\t\t\thref=\"http:\/\/robotehnika.si\/wp-content\/uploads\/2025\/02\/Katalog_avtomatizacija.pdf\" target=\"_self\"\n\t\t\t\t\t\t\t\t\t\t\tdata-type=\"button\"\n\t\t\t\t\t\t\t\t\t\t\tdata-xy=\"xo:150px,80px,60px,37px;yo:421px,224px,170px,104px;\"\n\t\t\t\t\t\t\t\t\t\t\tdata-pos=\"r\"\n\t\t\t\t\t\t\t\t\t\t\tdata-text=\"w:normal;s:20,10,7,4;l:50,26,19,11;fw:500;a:center;\"\n\t\t\t\t\t\t\t\t\t\t\tdata-dim=\"minh:0px,none,none,none;\"\n\t\t\t\t\t\t\t\t\t\t\tdata-rsp_o=\"off\"\n\t\t\t\t\t\t\t\t\t\t\tdata-rsp_bd=\"off\"\n\t\t\t\t\t\t\t\t\t\t\tdata-disp=\"inline-block\"\n\t\t\t\t\t\t\t\t\t\t\tdata-padding=\"r:20,11,8,5;l:20,11,8,5;\"\n\t\t\t\t\t\t\t\t\t\t\tdata-border=\"bor:25px,25px,25px,25px;\"\n\t\t\t\t\t\t\t\t\t\t\tdata-frame_1=\"st:1510;sp:1000;sR:1510;\"\n\t\t\t\t\t\t\t\t\t\t\tdata-frame_999=\"o:0;st:w;sR:6490;\"\n\t\t\t\t\t\t\t\t\t\t\tdata-frame_hover=\"c:#000;bgc:#fff;bor:25px,25px,25px,25px;sp:200;e:power1.inOut;bri:120%;\"\n\t\t\t\t\t\t\t\t\t\t\tstyle=\"z-index:6;background-color:#f5a11a;font-family:'Barlow';text-transform:uppercase;display:inline-block;\"\n\t\t\t\t\t\t\t\t\t\t>Katalog - AUTOMATISIERUNG \n\t\t\t\t\t\t\t\t\t\t<\/a><!--\n\t\t\t\t\t\t\t\t\t--><\/rs-column><!--\n\t\t\t\t\t\t\t\t--><\/rs-row><!--\n\t\t\t\t\t\t\t--><\/rs-zone><!--\n\n\t\t\t\t\t\t\t--><rs-layer\n\t\t\t\t\t\t\t\tid=\"slider-27-slide-71-layer-2\" \n\t\t\t\t\t\t\t\tclass=\"rs-layer-video intrinsic-ignore\"\n\t\t\t\t\t\t\t\tdata-type=\"video\"\n\t\t\t\t\t\t\t\tdata-rsp_ch=\"on\"\n\t\t\t\t\t\t\t\tdata-xy=\"x:c;xo:380px,338px,221px,169px;y:m;yo:-1px,-1px,-3px,0;\"\n\t\t\t\t\t\t\t\tdata-text=\"w:normal;s:20,10,7,4;l:0,13,9,6;\"\n\t\t\t\t\t\t\t\tdata-dim=\"w:1201px,655px,332px,371px;h:100%,100%,244px,249px;\"\n\t\t\t\t\t\t\t\tdata-video=\"vfc:true;vd:100;do:1;l:false;ptimer:false;\"\n\t\t\t\t\t\t\t\tdata-poster=\"\/\/robotehnika.si\/wp-content\/uploads\/revslider\/video-media\/01_Robo_MG_2280_540_54_layer.jpeg\"\n\t\t\t\t\t\t\t\tdata-mp4=\"\/\/robotehnika.si\/wp-content\/uploads\/2024\/07\/01_Robo_MG_2280_540.mp4\"\n\t\t\t\t\t\t\t\tdata-frame_0=\"x:105%;o:1;skX:-3px;\"\n\t\t\t\t\t\t\t\tdata-frame_0_mask=\"u:t;x:-90%;\"\n\t\t\t\t\t\t\t\tdata-frame_1=\"e:power2.out;st:540;sp:1200;sR:540;\"\n\t\t\t\t\t\t\t\tdata-frame_1_mask=\"u:t;\"\n\t\t\t\t\t\t\t\tdata-frame_999=\"o:0;st:w;sR:7260;\"\n\t\t\t\t\t\t\t\tstyle=\"z-index:4;\"\n\t\t\t\t\t\t\t>\n\t\t\t\t\t\t\t<\/rs-layer><!--\n-->\t\t\t\t\t\t<\/rs-slide>\n\t\t\t\t\t<\/rs-slides>\n\t\t\t\t\t<rs-static-layers><!--\n\t\t\t\t\t--><\/rs-static-layers>\n\t\t\t\t<\/rs-module>\n\t\t\t\t<script>\n\t\t\t\t\tsetREVStartSize({c: 'rev_slider_27_1',rl:[1240,1460,785,500],el:[659.988,500,960,250],gw:[1920,1024,778,480],gh:[660,500,960,250],type:'standard',justify:'',layout:'fullwidth',mh:\"0\"});if (window.RS_MODULES!==undefined && window.RS_MODULES.modules!==undefined && window.RS_MODULES.modules[\"revslider271\"]!==undefined) {window.RS_MODULES.modules[\"revslider271\"].once = false;window.revapi27 = undefined;if (window.RS_MODULES.checkMinimal!==undefined) window.RS_MODULES.checkMinimal()}\n\t\t\t\t<\/script>\n\t\t\t<\/rs-module-wrap>\n\t\t\t<!-- END REVOLUTION SLIDER -->\n\n<h5>Bei der Planung der Automatisierung von Maschinen und Ger\u00e4ten ist die zentrale Leitlinie der Firma Robotehnika die Optimierung, Steigerung der Produktivit\u00e4t von Produktionsprozessen und Reduzierung ihrer Kosten.<\/h5>\n<h5>Unser Ziel ist es, unseren Kunden Anlagen bzw. Anlagensysteme zur Verf\u00fcgung zu stellen, die Qualit\u00e4t und Produktivit\u00e4t bei minimalem Aufwand an Zeit, Arbeit und Ressourcen gew\u00e4hrleisten. <\/h5>\n<h1>Stolz auf die Projekte<\/h1>\n<p>\t\t<iframe title=\"Celica za poslu\u017eevanje obdelovalnega stroja SCM Accord\" width=\"1290\" height=\"726\" src=\"https:\/\/www.youtube.com\/embed\/LrITEtChXHQ?feature=oembed\" frameborder=\"0\" allow=\"accelerometer; autoplay; clipboard-write; encrypted-media; gyroscope; picture-in-picture; web-share\" referrerpolicy=\"strict-origin-when-cross-origin\" allowfullscreen><\/iframe>\t\t<\/p>\n<h1>Bedienzelle f\u00fcr Werkzeugmaschinen SCM Accord<br \/>\n<\/h1>\n<p><strong>Der Wunsch des Kunden war es, den Prozess der Verarbeitung von Holzprodukten zu automatisieren. Wir haben eine Roboterzelle gebaut, in der sich eine Maschine und zwei voneinander unabh\u00e4ngige Roboter befinden.<\/strong><\/p>\n<p>\t\t<iframe title=\"Robotsko poslu\u017eevanje treh CNC strojev\" width=\"1290\" height=\"726\" src=\"https:\/\/www.youtube.com\/embed\/Ueeqk_DGTTY?feature=oembed\" frameborder=\"0\" allow=\"accelerometer; autoplay; clipboard-write; encrypted-media; gyroscope; picture-in-picture; web-share\" referrerpolicy=\"strict-origin-when-cross-origin\" allowfullscreen><\/iframe>\t\t<\/p>\n<h1>Bedienung von drei CNC-Maschinen<br \/>\n<\/h1>\n<p><strong>Das Projekt vereint drei Werkzeugmaschinen und einen Roboter in einer Zelle und spart dem Unternehmen viel Zeit, um ein St\u00fcck qualitativ hochwertig und reibungslos herzustellen. Ein automatisierter Prozess stellt die Produktion vom Eingangsmaterial bis zum Endprodukt sicher.<\/strong><\/p>\n<p>\t\t<iframe title=\"Automation Line, Robotehnika d.o.o., 11\/2020\" width=\"1290\" height=\"726\" src=\"https:\/\/www.youtube.com\/embed\/qpm1kOIq0p8?feature=oembed\" frameborder=\"0\" allow=\"accelerometer; autoplay; clipboard-write; encrypted-media; gyroscope; picture-in-picture; web-share\" referrerpolicy=\"strict-origin-when-cross-origin\" allowfullscreen><\/iframe>\t\t<\/p>\n<h1>Automatisierte Linie<\/h1>\n<p><strong>Eine automatisierte Linie, bestehend aus Drehmaschine, Graviermaschine, F\u00f6rderb\u00e4ndern, W\u00e4scherei und Produktverpackung. Automatisierung von der Verarbeitung des Eingangsmaterials bis zum Verpacken des Endprodukts in Kisten.<\/strong><\/p>\n<h1>Industrielle Automatisierung ist unsere Leidenschaft und Ihr Erfolg.<\/h1>\n\n\t\t\t<!-- START AVTOMATIZACIJA 11 REVOLUTION SLIDER 6.6.20 --><p class=\"rs-p-wp-fix\"><\/p>\n\t\t\t<rs-module-wrap id=\"rev_slider_32_2_wrapper\" data-source=\"gallery\" style=\"visibility:hidden;background:transparent;padding:0;margin:0px auto;margin-top:0;margin-bottom:0;\">\n\t\t\t\t<rs-module id=\"rev_slider_32_2\" style=\"\" data-version=\"6.6.20\">\n\t\t\t\t\t<rs-slides style=\"overflow: hidden; position: absolute;\">\n\t\t\t\t\t\t<rs-slide style=\"position: absolute;\" data-key=\"rs-60\" data-title=\"Slide\" data-anim=\"ms:1000ms;\" data-in=\"o:0;\" data-out=\"a:false;\">\n\t\t\t\t\t\t\t<img decoding=\"async\" src=\"\/\/robotehnika.si\/wp-content\/plugins\/revslider\/public\/assets\/assets\/dummy.png\" alt=\"\" title=\"ROBOT_P1025806_HR\" width=\"2048\" height=\"1152\" class=\"rev-slidebg tp-rs-img rs-lazyload\" data-lazyload=\"\/\/robotehnika.si\/wp-content\/uploads\/2024\/04\/ROBOT_P1025806_HR.webp\" data-parallax=\"off\" data-no-retina>\n<!--\t\t\t\t\t\t--><rs-zone id=\"rrzm_60\" class=\"rev_row_zone_middle\" style=\"z-index: 6;\"><!--\n\n\t\t\t\t\t\t\t\t--><rs-row\n\t\t\t\t\t\t\t\t\tid=\"slider-32-slide-60-layer-3\" \n\t\t\t\t\t\t\t\t\tdata-type=\"row\"\n\t\t\t\t\t\t\t\t\tdata-xy=\"xo:50px;yo:50px;\"\n\t\t\t\t\t\t\t\t\tdata-cbreak=\"nobreak\"\n\t\t\t\t\t\t\t\t\tdata-basealign=\"slide\"\n\t\t\t\t\t\t\t\t\tdata-wrpcls=\"slider-row-wrap\"\n\t\t\t\t\t\t\t\t\tdata-rsp_bd=\"off\"\n\t\t\t\t\t\t\t\t\tdata-margin=\"l:75,75,30,20;\"\n\t\t\t\t\t\t\t\t\tdata-frame_0=\"o:1;\"\n\t\t\t\t\t\t\t\t\tdata-frame_999=\"o:0;st:w;sR:8700;sA:9000;\"\n\t\t\t\t\t\t\t\t\tstyle=\"z-index:6;\"\n\t\t\t\t\t\t\t\t><!--\n\t\t\t\t\t\t\t\t\t--><rs-column\n\t\t\t\t\t\t\t\t\t\tid=\"slider-32-slide-60-layer-5\" \n\t\t\t\t\t\t\t\t\t\tdata-type=\"column\"\n\t\t\t\t\t\t\t\t\t\tdata-xy=\"xo:50px;yo:50px;\"\n\t\t\t\t\t\t\t\t\t\tdata-text=\"l:30,25,25,25;\"\n\t\t\t\t\t\t\t\t\t\tdata-rsp_bd=\"off\"\n\t\t\t\t\t\t\t\t\t\tdata-column=\"w:100%;\"\n\t\t\t\t\t\t\t\t\t\tdata-frame_0=\"o:1;\"\n\t\t\t\t\t\t\t\t\t\tdata-frame_999=\"o:0;st:w;sR:8700;sA:9000;\"\n\t\t\t\t\t\t\t\t\t\tstyle=\"z-index:6;width:100%;\"\n\t\t\t\t\t\t\t\t\t><!--\n\t\t\t\t\t\t\t\t\t\t--><rs-layer\n\t\t\t\t\t\t\t\t\t\t\tid=\"slider-32-slide-60-layer-13\" \n\t\t\t\t\t\t\t\t\t\t\tdata-type=\"shape\"\n\t\t\t\t\t\t\t\t\t\t\tdata-rsp_ch=\"on\"\n\t\t\t\t\t\t\t\t\t\t\tdata-xy=\"xo:50px,37px,19px,11px;yo:160px,120px,64px,39px;\"\n\t\t\t\t\t\t\t\t\t\t\tdata-pos=\"r\"\n\t\t\t\t\t\t\t\t\t\t\tdata-text=\"w:normal;s:20,15,8,4;c:both;l:0,18,9,6;\"\n\t\t\t\t\t\t\t\t\t\t\tdata-flcr=\"c:both;\"\n\t\t\t\t\t\t\t\t\t\t\tdata-dim=\"w:100%;h:34px,24px,20px,16px;\"\n\t\t\t\t\t\t\t\t\t\t\tdata-frame_999=\"o:0;st:w;sR:8700;\"\n\t\t\t\t\t\t\t\t\t\t\tstyle=\"z-index:7;\"\n\t\t\t\t\t\t\t\t\t\t> \n\t\t\t\t\t\t\t\t\t\t<\/rs-layer><!--\n\t\t\t\t\t\t\t\t\t--><\/rs-column><!--\n\t\t\t\t\t\t\t\t--><\/rs-row><!--\n\t\t\t\t\t\t\t--><\/rs-zone><!--\n-->\t\t\t\t\t\t<\/rs-slide>\n\t\t\t\t\t<\/rs-slides>\n\t\t\t\t\t<rs-static-layers><!--\n\t\t\t\t\t--><\/rs-static-layers>\n\t\t\t\t<\/rs-module>\n\t\t\t\t<script>\n\t\t\t\t\tsetREVStartSize({c: 'rev_slider_32_2',rl:[1240,1460,785,500],el:[660,600,480,319.992],gw:[1920,1440,778,480],gh:[660,600,480,320],type:'standard',justify:'',layout:'fullwidth',mh:\"0\"});if (window.RS_MODULES!==undefined && window.RS_MODULES.modules!==undefined && window.RS_MODULES.modules[\"revslider322\"]!==undefined) {window.RS_MODULES.modules[\"revslider322\"].once = false;window.revapi32 = undefined;if (window.RS_MODULES.checkMinimal!==undefined) window.RS_MODULES.checkMinimal()}\n\t\t\t\t<\/script>\n\t\t\t<\/rs-module-wrap>\n\t\t\t<!-- END REVOLUTION SLIDER -->\n\n<h5>Robotehnika bietet effiziente L\u00f6sungen zur Optimierung Ihrer Arbeitsabl\u00e4ufe und tr\u00e4gt zur Steigerung Ihrer Wertsch\u00f6pfung bei. Unser Team von Ingenieuren zeichnet sich durch seine Leidenschaft f\u00fcr die L\u00f6sung von Herausforderungen und sein Know-How aus. <\/h5>\n<h5>Wir vereinen Innovation, Professionalit\u00e4t und Erfahrung auf dem Gebiet der mechanischen Bearbeitung, Elektrotechnik und Informatik. <\/h5>\n<p>\t\t\t\t\t\t\t\t\t\t\t\t\t<img decoding=\"async\" width=\"1024\" height=\"683\" src=\"https:\/\/robotehnika.si\/wp-content\/uploads\/2024\/04\/Max_P1024444-1024x683.webp\" alt=\"\" srcset=\"https:\/\/robotehnika.si\/wp-content\/uploads\/2024\/04\/Max_P1024444-1024x683.webp 1024w, https:\/\/robotehnika.si\/wp-content\/uploads\/2024\/04\/Max_P1024444-300x200.webp 300w, https:\/\/robotehnika.si\/wp-content\/uploads\/2024\/04\/Max_P1024444-768x512.webp 768w, https:\/\/robotehnika.si\/wp-content\/uploads\/2024\/04\/Max_P1024444-1536x1024.webp 1536w, https:\/\/robotehnika.si\/wp-content\/uploads\/2024\/04\/Max_P1024444-370x247.webp 370w, https:\/\/robotehnika.si\/wp-content\/uploads\/2024\/04\/Max_P1024444-840x560.webp 840w, https:\/\/robotehnika.si\/wp-content\/uploads\/2024\/04\/Max_P1024444-410x273.webp 410w, https:\/\/robotehnika.si\/wp-content\/uploads\/2024\/04\/Max_P1024444.webp 1920w\" sizes=\"(max-width: 1024px) 100vw, 1024px\" \/>\t\t\t\t\t\t\t\t\t\t\t\t\t<\/p>\n<h1>Kontakt<\/h1>\n<h4>MAX MALAJNER<\/h4>\n<h5><a href=\"mailto:jernej.orovic@robotehnika.si\">max.malajner@robotehnika.si<\/a><\/h5>\n<h5>&nbsp;\u202a+386 (0) 31 207308<\/h5>\n<h2\n\t\t\t>Exzellenz verpflichtet.<\/h2>\n<p>\t\t\t<a href=\"https:\/\/robotehnika.si\/de\/qualitaet\/\" >QUALIT\u00c4T<\/a><\/p>\n","protected":false},"excerpt":{"rendered":"<p>Bei der Planung der Automatisierung von Maschinen und Ger\u00e4ten ist die zentrale Leitlinie der Firma Robotehnika die Optimierung, Steigerung der Produktivit\u00e4t von Produktionsprozessen und Reduzierung ihrer Kosten. Unser Ziel ist&hellip;<\/p>\n","protected":false},"author":6,"featured_media":0,"parent":0,"menu_order":0,"comment_status":"closed","ping_status":"closed","template":"","meta":{"iawp_total_views":91,"footnotes":""},"class_list":["post-24007","page","type-page","status-publish","hentry"],"rttpg_featured_image_url":null,"rttpg_author":{"display_name":"Jernej Orovi\u010d","author_link":"https:\/\/robotehnika.si\/de\/author\/jernej\/"},"rttpg_comment":0,"rttpg_category":" <a href=\"https:\/\/robotehnika.si\/de\/?taxonomy=translation_priority&#038;term=optional-de\" rel=\"tag\">Optional<\/a>","rttpg_excerpt":"Bei der Planung der Automatisierung von Maschinen und Ger\u00e4ten ist die zentrale Leitlinie der Firma Robotehnika die Optimierung, Steigerung der Produktivit\u00e4t von Produktionsprozessen und Reduzierung ihrer Kosten. Unser Ziel ist&hellip;","_links":{"self":[{"href":"https:\/\/robotehnika.si\/de\/wp-json\/wp\/v2\/pages\/24007","targetHints":{"allow":["GET"]}}],"collection":[{"href":"https:\/\/robotehnika.si\/de\/wp-json\/wp\/v2\/pages"}],"about":[{"href":"https:\/\/robotehnika.si\/de\/wp-json\/wp\/v2\/types\/page"}],"author":[{"embeddable":true,"href":"https:\/\/robotehnika.si\/de\/wp-json\/wp\/v2\/users\/6"}],"replies":[{"embeddable":true,"href":"https:\/\/robotehnika.si\/de\/wp-json\/wp\/v2\/comments?post=24007"}],"version-history":[{"count":5,"href":"https:\/\/robotehnika.si\/de\/wp-json\/wp\/v2\/pages\/24007\/revisions"}],"predecessor-version":[{"id":24457,"href":"https:\/\/robotehnika.si\/de\/wp-json\/wp\/v2\/pages\/24007\/revisions\/24457"}],"wp:attachment":[{"href":"https:\/\/robotehnika.si\/de\/wp-json\/wp\/v2\/media?parent=24007"}],"curies":[{"name":"wp","href":"https:\/\/api.w.org\/{rel}","templated":true}]}}