{"id":24019,"date":"2024-03-17T11:11:13","date_gmt":"2024-03-17T11:11:13","guid":{"rendered":"http:\/\/robotehnika.si\/gesellschaftliche-verantwortung\/"},"modified":"2024-07-14T21:42:45","modified_gmt":"2024-07-14T21:42:45","slug":"gesellschaftliche-verantwortung","status":"publish","type":"page","link":"http:\/\/robotehnika.si\/de\/gesellschaftliche-verantwortung\/","title":{"rendered":"GESELLSCHAFTLICHE VERANTWORTUNG"},"content":{"rendered":"\t\t<div data-elementor-type=\"wp-page\" data-elementor-id=\"24019\" class=\"elementor elementor-24019 elementor-22797\">\n\t\t\t\t\t\t<section class=\"elementor-section elementor-top-section elementor-element elementor-element-8de467c scheme_dark elementor-section-full_width elementor-section-height-default elementor-section-height-default sc_fly_static\" data-id=\"8de467c\" data-element_type=\"section\" data-settings=\"{&quot;background_background&quot;:&quot;classic&quot;}\">\n\t\t\t\t\t\t<div class=\"elementor-container elementor-column-gap-no\">\n\t\t\t\t\t<div class=\"elementor-column elementor-col-100 elementor-top-column elementor-element elementor-element-56edbe6 sc_inner_width_none sc_content_align_inherit sc_layouts_column_icons_position_left sc_fly_static\" data-id=\"56edbe6\" data-element_type=\"column\">\n\t\t\t<div class=\"elementor-widget-wrap elementor-element-populated\">\n\t\t\t\t\t\t<div class=\"elementor-element elementor-element-dddb34a sc_fly_static elementor-widget elementor-widget-slider_revolution\" data-id=\"dddb34a\" data-element_type=\"widget\" data-widget_type=\"slider_revolution.default\">\n\t\t\t\t<div class=\"elementor-widget-container\">\n\t\t\t\t\t\n\t\t<div class=\"wp-block-themepunch-revslider\">\n\t\t\t<!-- START DRU\u017dBENA ODGOVORNOST 1 REVOLUTION SLIDER 6.6.20 --><p class=\"rs-p-wp-fix\"><\/p>\n\t\t\t<rs-module-wrap id=\"rev_slider_24_1_wrapper\" data-source=\"gallery\" style=\"visibility:hidden;background:transparent;padding:0;margin:0px auto;margin-top:0;margin-bottom:0;\">\n\t\t\t\t<rs-module id=\"rev_slider_24_1\" style=\"\" data-version=\"6.6.20\">\n\t\t\t\t\t<rs-slides style=\"overflow: hidden; position: absolute;\">\n\t\t\t\t\t\t<rs-slide style=\"position: absolute;\" data-key=\"rs-77\" data-title=\"Slide\" data-seoz=\"front\" data-in=\"o:1;x:-100%;\" data-out=\"a:false;\">\n\t\t\t\t\t\t\t<img fetchpriority=\"high\" decoding=\"async\" src=\"\/\/robotehnika.si\/wp-content\/plugins\/revslider\/public\/assets\/assets\/dummy.png\" alt=\"\" title=\"Druzbena-odgovornost_720_t_51.jpeg\" width=\"1920\" height=\"1080\" class=\"rev-slidebg tp-rs-img rs-lazyload\" data-lazyload=\"\/\/robotehnika.si\/wp-content\/uploads\/revslider\/video-media\/Druzbena-odgovornost_720_t_51.jpeg\" data-no-retina>\n\t\t\t\t\t\t\t<rs-bgvideo \n\t\t\t\t\t\t\t\tdata-video=\"w:100%;h:100%;nse:false;l:true;ptimer:false;vfc:true;do:1;\"\n\t\t\t\t\t\t\t\tdata-mp4=\"\/\/robotehnika.si\/wp-content\/uploads\/2024\/07\/Druzbena-odgovornost_720_t.mp4\"\n\t\t\t\t\t\t\t><\/rs-bgvideo>\n<!--\n\t\t\t\t\t\t\t--><rs-layer\n\t\t\t\t\t\t\t\tid=\"slider-24-slide-77-layer-16\" \n\t\t\t\t\t\t\t\tdata-type=\"text\"\n\t\t\t\t\t\t\t\tdata-rsp_ch=\"on\"\n\t\t\t\t\t\t\t\tdata-xy=\"x:l,l,c,c;xo:176px,24px,-81px,26px;y:m;yo:-28px,44px,0,25px;\"\n\t\t\t\t\t\t\t\tdata-text=\"w:normal;s:70,54,40,30;l:96,56,40,30;ls:-4px,-4px,0px,-2px;fw:700;a:inherit,inherit,left,left;\"\n\t\t\t\t\t\t\t\tdata-dim=\"w:1334px,1045px,585px,498px;h:95px,auto,auto,auto;\"\n\t\t\t\t\t\t\t\tdata-frame_0=\"x:-50px;\"\n\t\t\t\t\t\t\t\tdata-frame_1=\"st:309.98260498047;sp:1210;sR:309.98260498047;\"\n\t\t\t\t\t\t\t\tdata-frame_999=\"o:0;st:w;sp:290;sR:7480.0177001953;\"\n\t\t\t\t\t\t\t\tstyle=\"z-index:9;font-family:'Barlow';\"\n\t\t\t\t\t\t\t>WIR ARBEITEN. WIR ARBEITEN ZUSAMMEN. WIR TRAGEN BEI. \n\t\t\t\t\t\t\t<\/rs-layer><!--\n\n\t\t\t\t\t\t\t--><rs-layer\n\t\t\t\t\t\t\t\tid=\"slider-24-slide-77-layer-19\" \n\t\t\t\t\t\t\t\tdata-type=\"text\"\n\t\t\t\t\t\t\t\tdata-color=\"#f5a11a\"\n\t\t\t\t\t\t\t\tdata-rsp_ch=\"on\"\n\t\t\t\t\t\t\t\tdata-xy=\"x:l,l,c,c;xo:178px,24px,-29px,21px;y:m,m,m,t;yo:-130px,-36px,-62px,95px;\"\n\t\t\t\t\t\t\t\tdata-text=\"w:normal;s:70,54,40,30;l:96,56,60,28;ls:-4px,-2px,0px,-1px;fw:700;a:inherit,inherit,left,left;\"\n\t\t\t\t\t\t\t\tdata-dim=\"w:1601px,575px,689px,490px;h:95px,auto,auto,auto;\"\n\t\t\t\t\t\t\t\tdata-frame_0=\"x:-50px;\"\n\t\t\t\t\t\t\t\tdata-frame_1=\"st:309.98260498047;sp:1210;sR:309.98260498047;\"\n\t\t\t\t\t\t\t\tdata-frame_999=\"o:0;st:w;sp:290;sR:7480.0177001953;\"\n\t\t\t\t\t\t\t\tstyle=\"z-index:6;font-family:'Barlow';\"\n\t\t\t\t\t\t\t>ROBOTEHNIKA. \n\t\t\t\t\t\t\t<\/rs-layer><!--\n-->\t\t\t\t\t\t<\/rs-slide>\n\t\t\t\t\t<\/rs-slides>\n\t\t\t\t<\/rs-module>\n\t\t\t\t<script>\n\t\t\t\t\tsetREVStartSize({c: 'rev_slider_24_1',rl:[1240,1460,785,500],el:[660,500,960,250],gw:[1920,1024,778,480],gh:[660,500,960,250],type:'standard',justify:'',layout:'fullwidth',mh:\"0\"});if (window.RS_MODULES!==undefined && window.RS_MODULES.modules!==undefined && window.RS_MODULES.modules[\"revslider241\"]!==undefined) {window.RS_MODULES.modules[\"revslider241\"].once = false;window.revapi24 = undefined;if (window.RS_MODULES.checkMinimal!==undefined) window.RS_MODULES.checkMinimal()}\n\t\t\t\t<\/script>\n\t\t\t<\/rs-module-wrap>\n\t\t\t<!-- END REVOLUTION SLIDER -->\n<\/div>\n\n\t\t\t\t\t\t<\/div>\n\t\t\t\t<\/div>\n\t\t\t\t\t<\/div>\n\t\t<\/div>\n\t\t\t\t\t<\/div>\n\t\t<\/section>\n\t\t\t\t<section class=\"elementor-section elementor-top-section elementor-element elementor-element-8216c06 elementor-section-boxed elementor-section-height-default elementor-section-height-default sc_fly_static\" data-id=\"8216c06\" data-element_type=\"section\">\n\t\t\t\t\t\t<div class=\"elementor-container elementor-column-gap-extended\">\n\t\t\t\t\t<div class=\"elementor-column elementor-col-100 elementor-top-column elementor-element elementor-element-09ece7d sc_inner_width_none sc_content_align_inherit sc_layouts_column_icons_position_left sc_fly_static\" data-id=\"09ece7d\" data-element_type=\"column\">\n\t\t\t<div class=\"elementor-widget-wrap elementor-element-populated\">\n\t\t\t\t\t\t<div class=\"elementor-element elementor-element-ede8af6 sc_height_small sc_fly_static elementor-widget elementor-widget-spacer\" data-id=\"ede8af6\" data-element_type=\"widget\" data-widget_type=\"spacer.default\">\n\t\t\t\t<div class=\"elementor-widget-container\">\n\t\t\t\t\t\t\t<div class=\"elementor-spacer\">\n\t\t\t<div class=\"elementor-spacer-inner\"><\/div>\n\t\t<\/div>\n\t\t\t\t\t\t<\/div>\n\t\t\t\t<\/div>\n\t\t\t\t\t<\/div>\n\t\t<\/div>\n\t\t\t\t\t<\/div>\n\t\t<\/section>\n\t\t\t\t<section class=\"elementor-section elementor-top-section elementor-element elementor-element-3e0e5d5 elementor-section-boxed elementor-section-height-default elementor-section-height-default sc_fly_static\" data-id=\"3e0e5d5\" data-element_type=\"section\">\n\t\t\t\t\t\t<div class=\"elementor-container elementor-column-gap-extended\">\n\t\t\t\t\t<div class=\"elementor-column elementor-col-100 elementor-top-column elementor-element elementor-element-a0af731 sc_inner_width_none sc_content_align_inherit sc_layouts_column_icons_position_left sc_fly_static\" data-id=\"a0af731\" data-element_type=\"column\">\n\t\t\t<div class=\"elementor-widget-wrap elementor-element-populated\">\n\t\t\t\t\t\t<div class=\"elementor-element elementor-element-e4e4288 sc_fly_static elementor-widget elementor-widget-heading\" data-id=\"e4e4288\" data-element_type=\"widget\" data-widget_type=\"heading.default\">\n\t\t\t\t<div class=\"elementor-widget-container\">\n\t\t\t\t\t<h3 class=\"elementor-heading-title elementor-size-default\">Wir sind innovativ. Zuverl\u00e4ssig. Wir kooperieren.<\/h3>\t\t\t\t<\/div>\n\t\t\t\t<\/div>\n\t\t\t\t\t<\/div>\n\t\t<\/div>\n\t\t\t\t\t<\/div>\n\t\t<\/section>\n\t\t\t\t<section class=\"elementor-section elementor-top-section elementor-element elementor-element-76d8069 elementor-section-boxed elementor-section-height-default elementor-section-height-default sc_fly_static\" data-id=\"76d8069\" data-element_type=\"section\">\n\t\t\t\t\t\t<div class=\"elementor-container elementor-column-gap-extended\">\n\t\t\t\t\t<div class=\"elementor-column elementor-col-33 elementor-top-column elementor-element elementor-element-1a4f035 sc_inner_width_none sc_content_align_inherit sc_layouts_column_icons_position_left sc_fly_static\" data-id=\"1a4f035\" data-element_type=\"column\">\n\t\t\t<div class=\"elementor-widget-wrap elementor-element-populated\">\n\t\t\t\t\t\t<div class=\"elementor-element elementor-element-82c382c sc_height_small sc_fly_static elementor-widget elementor-widget-spacer\" data-id=\"82c382c\" data-element_type=\"widget\" data-widget_type=\"spacer.default\">\n\t\t\t\t<div class=\"elementor-widget-container\">\n\t\t\t\t\t\t\t<div class=\"elementor-spacer\">\n\t\t\t<div class=\"elementor-spacer-inner\"><\/div>\n\t\t<\/div>\n\t\t\t\t\t\t<\/div>\n\t\t\t\t<\/div>\n\t\t\t\t<div class=\"elementor-element elementor-element-9360892 sc_fly_static elementor-widget elementor-widget-heading\" data-id=\"9360892\" data-element_type=\"widget\" data-widget_type=\"heading.default\">\n\t\t\t\t<div class=\"elementor-widget-container\">\n\t\t\t\t\t<h5 class=\"elementor-heading-title elementor-size-default\">Die Robotehnika umfasst alle Aspekte der Nachhaltigkeit in ihrem Betrieb und reduziert so ihre Umweltauswirkungen. Dies belegen auch die Umweltnorm ISO 14001, Solarstrom, der Einsatz von Elektrostaplern, die M\u00fclltrennung, die minimale Emulsion und die Wiederverwendung von Verpackungskartons.<\/h5>\t\t\t\t<\/div>\n\t\t\t\t<\/div>\n\t\t\t\t<div class=\"elementor-element elementor-element-d558437 sc_height_tiny sc_fly_static elementor-widget elementor-widget-spacer\" data-id=\"d558437\" data-element_type=\"widget\" data-widget_type=\"spacer.default\">\n\t\t\t\t<div class=\"elementor-widget-container\">\n\t\t\t\t\t\t\t<div class=\"elementor-spacer\">\n\t\t\t<div class=\"elementor-spacer-inner\"><\/div>\n\t\t<\/div>\n\t\t\t\t\t\t<\/div>\n\t\t\t\t<\/div>\n\t\t\t\t<div class=\"elementor-element elementor-element-2b41b6d sc_fly_static elementor-widget elementor-widget-heading\" data-id=\"2b41b6d\" data-element_type=\"widget\" data-widget_type=\"heading.default\">\n\t\t\t\t<div class=\"elementor-widget-container\">\n\t\t\t\t\t<h1 class=\"elementor-heading-title elementor-size-default\">Die Robotehnika ist ein wichtiger Bestandteil der lokalen Umwelt und Gemeinschaft. <\/h1>\t\t\t\t<\/div>\n\t\t\t\t<\/div>\n\t\t\t\t<div class=\"elementor-element elementor-element-635c272 sc_height_tiny sc_fly_static elementor-widget elementor-widget-spacer\" data-id=\"635c272\" data-element_type=\"widget\" data-widget_type=\"spacer.default\">\n\t\t\t\t<div class=\"elementor-widget-container\">\n\t\t\t\t\t\t\t<div class=\"elementor-spacer\">\n\t\t\t<div class=\"elementor-spacer-inner\"><\/div>\n\t\t<\/div>\n\t\t\t\t\t\t<\/div>\n\t\t\t\t<\/div>\n\t\t\t\t<div class=\"elementor-element elementor-element-dea1b81 sc_fly_static elementor-widget elementor-widget-heading\" data-id=\"dea1b81\" data-element_type=\"widget\" data-widget_type=\"heading.default\">\n\t\t\t\t<div class=\"elementor-widget-container\">\n\t\t\t\t\t<h5 class=\"elementor-heading-title elementor-size-default\">Bienen sind wichtige Best\u00e4uber, die die Existenz vieler Pflanzen und Tiere erm\u00f6glichen. In den letzten Jahren gab es weltweit Berichte \u00fcber einen R\u00fcckgang der Bienenpopulation. Dieser Trend ist besorgniserregend, da er negative Auswirkungen auf die biologische Vielfalt und die menschliche Ern\u00e4hrung haben kann.<\/h5>\t\t\t\t<\/div>\n\t\t\t\t<\/div>\n\t\t\t\t<div class=\"elementor-element elementor-element-d7f09d0 sc_height_tiny sc_fly_static elementor-widget elementor-widget-spacer\" data-id=\"d7f09d0\" data-element_type=\"widget\" data-widget_type=\"spacer.default\">\n\t\t\t\t<div class=\"elementor-widget-container\">\n\t\t\t\t\t\t\t<div class=\"elementor-spacer\">\n\t\t\t<div class=\"elementor-spacer-inner\"><\/div>\n\t\t<\/div>\n\t\t\t\t\t\t<\/div>\n\t\t\t\t<\/div>\n\t\t\t\t<div class=\"elementor-element elementor-element-e12affa sc_fly_static elementor-widget elementor-widget-heading\" data-id=\"e12affa\" data-element_type=\"widget\" data-widget_type=\"heading.default\">\n\t\t\t\t<div class=\"elementor-widget-container\">\n\t\t\t\t\t<h5 class=\"elementor-heading-title elementor-size-default\">Aus diesem Grund beschloss das Unternehmen, ein eigenes Bienenhaus mit 5 Bienenfamilien zu bauen, die lokale Pflanzen best\u00e4uben.<\/h5>\t\t\t\t<\/div>\n\t\t\t\t<\/div>\n\t\t\t\t<div class=\"elementor-element elementor-element-21b83bb sc_height_small sc_fly_static elementor-widget elementor-widget-spacer\" data-id=\"21b83bb\" data-element_type=\"widget\" data-widget_type=\"spacer.default\">\n\t\t\t\t<div class=\"elementor-widget-container\">\n\t\t\t\t\t\t\t<div class=\"elementor-spacer\">\n\t\t\t<div class=\"elementor-spacer-inner\"><\/div>\n\t\t<\/div>\n\t\t\t\t\t\t<\/div>\n\t\t\t\t<\/div>\n\t\t\t\t\t<\/div>\n\t\t<\/div>\n\t\t\t\t<div class=\"elementor-column elementor-col-33 elementor-top-column elementor-element elementor-element-58d5b22 sc_inner_width_none sc_content_align_inherit sc_layouts_column_icons_position_left sc_fly_static\" data-id=\"58d5b22\" data-element_type=\"column\">\n\t\t\t<div class=\"elementor-widget-wrap\">\n\t\t\t\t\t\t\t<\/div>\n\t\t<\/div>\n\t\t\t\t<div class=\"elementor-column elementor-col-33 elementor-top-column elementor-element elementor-element-3bc07de sc_inner_width_none sc_content_align_inherit sc_layouts_column_icons_position_left sc_fly_static\" data-id=\"3bc07de\" data-element_type=\"column\">\n\t\t\t<div class=\"elementor-widget-wrap elementor-element-populated\">\n\t\t\t\t\t\t<div class=\"elementor-element elementor-element-ce53a74 sc_height_tiny sc_fly_static elementor-widget elementor-widget-spacer\" data-id=\"ce53a74\" data-element_type=\"widget\" data-widget_type=\"spacer.default\">\n\t\t\t\t<div class=\"elementor-widget-container\">\n\t\t\t\t\t\t\t<div class=\"elementor-spacer\">\n\t\t\t<div class=\"elementor-spacer-inner\"><\/div>\n\t\t<\/div>\n\t\t\t\t\t\t<\/div>\n\t\t\t\t<\/div>\n\t\t\t\t<div class=\"elementor-element elementor-element-80a3584 sc_height_tiny sc_fly_static elementor-widget elementor-widget-spacer\" data-id=\"80a3584\" data-element_type=\"widget\" data-widget_type=\"spacer.default\">\n\t\t\t\t<div class=\"elementor-widget-container\">\n\t\t\t\t\t\t\t<div class=\"elementor-spacer\">\n\t\t\t<div class=\"elementor-spacer-inner\"><\/div>\n\t\t<\/div>\n\t\t\t\t\t\t<\/div>\n\t\t\t\t<\/div>\n\t\t\t\t<div class=\"elementor-element elementor-element-d312baf sc_height_tiny sc_fly_static elementor-widget elementor-widget-spacer\" data-id=\"d312baf\" data-element_type=\"widget\" data-widget_type=\"spacer.default\">\n\t\t\t\t<div class=\"elementor-widget-container\">\n\t\t\t\t\t\t\t<div class=\"elementor-spacer\">\n\t\t\t<div class=\"elementor-spacer-inner\"><\/div>\n\t\t<\/div>\n\t\t\t\t\t\t<\/div>\n\t\t\t\t<\/div>\n\t\t\t\t<div class=\"elementor-element elementor-element-91d4a7b sc_fly_static elementor-widget elementor-widget-image\" data-id=\"91d4a7b\" data-element_type=\"widget\" data-widget_type=\"image.default\">\n\t\t\t\t<div class=\"elementor-widget-container\">\n\t\t\t\t\t\t\t\t\t\t\t\t\t\t\t<img decoding=\"async\" width=\"1024\" height=\"768\" src=\"http:\/\/robotehnika.si\/wp-content\/uploads\/2024\/02\/Robotehnika_DO-1024x768.jpeg\" class=\"attachment-large size-large wp-image-23887\" alt=\"\" srcset=\"http:\/\/robotehnika.si\/wp-content\/uploads\/2024\/02\/Robotehnika_DO-1024x768.jpeg 1024w, http:\/\/robotehnika.si\/wp-content\/uploads\/2024\/02\/Robotehnika_DO-300x225.jpeg 300w, http:\/\/robotehnika.si\/wp-content\/uploads\/2024\/02\/Robotehnika_DO-768x576.jpeg 768w, http:\/\/robotehnika.si\/wp-content\/uploads\/2024\/02\/Robotehnika_DO-370x278.jpeg 370w, http:\/\/robotehnika.si\/wp-content\/uploads\/2024\/02\/Robotehnika_DO-840x630.jpeg 840w, http:\/\/robotehnika.si\/wp-content\/uploads\/2024\/02\/Robotehnika_DO-410x308.jpeg 410w, http:\/\/robotehnika.si\/wp-content\/uploads\/2024\/02\/Robotehnika_DO.jpeg 1200w\" sizes=\"(max-width: 1024px) 100vw, 1024px\" \/>\t\t\t\t\t\t\t\t\t\t\t\t\t\t\t<\/div>\n\t\t\t\t<\/div>\n\t\t\t\t<div class=\"elementor-element elementor-element-4d84dc4 sc_height_large sc_fly_static elementor-widget elementor-widget-spacer\" data-id=\"4d84dc4\" data-element_type=\"widget\" data-widget_type=\"spacer.default\">\n\t\t\t\t<div class=\"elementor-widget-container\">\n\t\t\t\t\t\t\t<div class=\"elementor-spacer\">\n\t\t\t<div class=\"elementor-spacer-inner\"><\/div>\n\t\t<\/div>\n\t\t\t\t\t\t<\/div>\n\t\t\t\t<\/div>\n\t\t\t\t\t<\/div>\n\t\t<\/div>\n\t\t\t\t\t<\/div>\n\t\t<\/section>\n\t\t\t\t<section class=\"elementor-section elementor-top-section elementor-element elementor-element-457651c elementor-section-content-middle scheme_dark elementor-section-boxed elementor-section-height-default elementor-section-height-default sc_fly_static\" data-id=\"457651c\" data-element_type=\"section\" data-settings=\"{&quot;background_background&quot;:&quot;classic&quot;}\">\n\t\t\t\t\t\t<div class=\"elementor-container elementor-column-gap-extended\">\n\t\t\t\t\t<div class=\"elementor-column elementor-col-50 elementor-top-column elementor-element elementor-element-27a348b sc-mobile_content_align_inherit sc_inner_width_none sc_content_align_inherit sc_layouts_column_icons_position_left sc_fly_static\" data-id=\"27a348b\" data-element_type=\"column\">\n\t\t\t<div class=\"elementor-widget-wrap elementor-element-populated\">\n\t\t\t\t\t\t<div class=\"elementor-element elementor-element-025d18b sc_height_large sc_fly_static elementor-widget elementor-widget-spacer\" data-id=\"025d18b\" data-element_type=\"widget\" data-widget_type=\"spacer.default\">\n\t\t\t\t<div class=\"elementor-widget-container\">\n\t\t\t\t\t\t\t<div class=\"elementor-spacer\">\n\t\t\t<div class=\"elementor-spacer-inner\"><\/div>\n\t\t<\/div>\n\t\t\t\t\t\t<\/div>\n\t\t\t\t<\/div>\n\t\t\t\t<div class=\"elementor-element elementor-element-37ffa46 sc_fly_static elementor-widget elementor-widget-trx_sc_title\" data-id=\"37ffa46\" data-element_type=\"widget\" data-widget_type=\"trx_sc_title.default\">\n\t\t\t\t<div class=\"elementor-widget-container\">\n\t\t\t\t\t<div\t\tclass=\"sc_title sc_title_default\" ><h2 class=\"sc_item_title sc_title_title sc_item_title_style_default\"\n\t\t\t><span class=\"sc_item_title_text\">Exzellenz verpflichtet.<\/span><\/h2><\/div>\t\t\t\t<\/div>\n\t\t\t\t<\/div>\n\t\t\t\t<div class=\"elementor-element elementor-element-c9c9883 sc_height_large sc_layouts_hide_on_mobile sc_fly_static elementor-widget elementor-widget-spacer\" data-id=\"c9c9883\" data-element_type=\"widget\" data-widget_type=\"spacer.default\">\n\t\t\t\t<div class=\"elementor-widget-container\">\n\t\t\t\t\t\t\t<div class=\"elementor-spacer\">\n\t\t\t<div class=\"elementor-spacer-inner\"><\/div>\n\t\t<\/div>\n\t\t\t\t\t\t<\/div>\n\t\t\t\t<\/div>\n\t\t\t\t\t<\/div>\n\t\t<\/div>\n\t\t\t\t<div class=\"elementor-column elementor-col-50 elementor-top-column elementor-element elementor-element-cb9dda8 sc_layouts_column_align_right sc_layouts_column sc-mobile_layouts_column_align_left sc_layouts_column sc_inner_width_none sc_content_align_inherit sc_layouts_column_icons_position_left sc_fly_static\" data-id=\"cb9dda8\" data-element_type=\"column\">\n\t\t\t<div class=\"elementor-widget-wrap elementor-element-populated\">\n\t\t\t\t\t\t<div class=\"elementor-element elementor-element-e5e1ab1 sc_height_large sc_layouts_hide_on_mobile sc_fly_static elementor-widget elementor-widget-spacer\" data-id=\"e5e1ab1\" data-element_type=\"widget\" data-widget_type=\"spacer.default\">\n\t\t\t\t<div class=\"elementor-widget-container\">\n\t\t\t\t\t\t\t<div class=\"elementor-spacer\">\n\t\t\t<div class=\"elementor-spacer-inner\"><\/div>\n\t\t<\/div>\n\t\t\t\t\t\t<\/div>\n\t\t\t\t<\/div>\n\t\t\t\t<div class=\"elementor-element elementor-element-7d787e0 sc_fly_static elementor-widget elementor-widget-trx_sc_button\" data-id=\"7d787e0\" data-element_type=\"widget\" data-widget_type=\"trx_sc_button.default\">\n\t\t\t\t<div class=\"elementor-widget-container\">\n\t\t\t\t\t<div\tclass=\"sc_item_button sc_button_wrap\" ><a href=\"http:\/\/robotehnika.si\/de\/qualitaet\/\" class=\"sc_button sc_button_bordered sc_button_size_normal sc_button_icon_left color_style_dark\" ><span class=\"sc_button_text\"><span class=\"sc_button_title\">QUALIT\u00c4T<\/span><\/span><\/a><\/div>\t\t\t\t<\/div>\n\t\t\t\t<\/div>\n\t\t\t\t<div class=\"elementor-element elementor-element-73e7271 sc_height_large sc_fly_static elementor-widget elementor-widget-spacer\" data-id=\"73e7271\" data-element_type=\"widget\" data-widget_type=\"spacer.default\">\n\t\t\t\t<div class=\"elementor-widget-container\">\n\t\t\t\t\t\t\t<div class=\"elementor-spacer\">\n\t\t\t<div class=\"elementor-spacer-inner\"><\/div>\n\t\t<\/div>\n\t\t\t\t\t\t<\/div>\n\t\t\t\t<\/div>\n\t\t\t\t\t<\/div>\n\t\t<\/div>\n\t\t\t\t\t<\/div>\n\t\t<\/section>\n\t\t\t\t<\/div>\n\t\t","protected":false},"excerpt":{"rendered":"<p>Wir sind innovativ. Zuverl\u00e4ssig. Wir kooperieren. Die Robotehnika umfasst alle Aspekte der Nachhaltigkeit in ihrem Betrieb und reduziert so ihre Umweltauswirkungen. Dies belegen auch die Umweltnorm ISO 14001, Solarstrom, der&hellip;<\/p>\n","protected":false},"author":6,"featured_media":0,"parent":0,"menu_order":0,"comment_status":"closed","ping_status":"closed","template":"","meta":{"iawp_total_views":22,"footnotes":""},"class_list":["post-24019","page","type-page","status-publish","hentry"],"rttpg_featured_image_url":null,"rttpg_author":{"display_name":"Jernej Orovi\u010d","author_link":"http:\/\/robotehnika.si\/de\/author\/jernej\/"},"rttpg_comment":0,"rttpg_category":false,"rttpg_excerpt":"Wir sind innovativ. Zuverl\u00e4ssig. Wir kooperieren. Die Robotehnika umfasst alle Aspekte der Nachhaltigkeit in ihrem Betrieb und reduziert so ihre Umweltauswirkungen. Dies belegen auch die Umweltnorm ISO 14001, Solarstrom, der&hellip;","_links":{"self":[{"href":"http:\/\/robotehnika.si\/de\/wp-json\/wp\/v2\/pages\/24019","targetHints":{"allow":["GET"]}}],"collection":[{"href":"http:\/\/robotehnika.si\/de\/wp-json\/wp\/v2\/pages"}],"about":[{"href":"http:\/\/robotehnika.si\/de\/wp-json\/wp\/v2\/types\/page"}],"author":[{"embeddable":true,"href":"http:\/\/robotehnika.si\/de\/wp-json\/wp\/v2\/users\/6"}],"replies":[{"embeddable":true,"href":"http:\/\/robotehnika.si\/de\/wp-json\/wp\/v2\/comments?post=24019"}],"version-history":[{"count":5,"href":"http:\/\/robotehnika.si\/de\/wp-json\/wp\/v2\/pages\/24019\/revisions"}],"predecessor-version":[{"id":24202,"href":"http:\/\/robotehnika.si\/de\/wp-json\/wp\/v2\/pages\/24019\/revisions\/24202"}],"wp:attachment":[{"href":"http:\/\/robotehnika.si\/de\/wp-json\/wp\/v2\/media?parent=24019"}],"curies":[{"name":"wp","href":"https:\/\/api.w.org\/{rel}","templated":true}]}}